{"id":4431,"date":"2025-08-23T06:08:22","date_gmt":"2025-08-23T04:08:22","guid":{"rendered":"https:\/\/motobia.it\/partners\/"},"modified":"2026-01-16T11:16:04","modified_gmt":"2026-01-16T10:16:04","slug":"partners","status":"publish","type":"page","link":"https:\/\/motobia.it\/en\/partners\/","title":{"rendered":"Partners"},"content":{"rendered":"<div id='av_section_1'  class='avia-section av-iu63cm-7b1a746e44fd659fb512843d0709bed8 main_color avia-section-default avia-no-shadow  avia-builder-el-0  avia-builder-el-no-sibling  avia-bg-style-scroll container_wrap sidebar_right'  ><div class='container av-section-cont-open' ><main  role=\"main\" itemprop=\"mainContentOfPage\"  class='template-page content  av-content-small alpha units'><div class='post-entry post-entry-type-page post-entry-4431'><div class='entry-content-wrapper clearfix'>\n\n<style type=\"text\/css\" data-created_by=\"avia_inline_auto\" id=\"style-css-av-hj9s12-c4f0e3e0cf45afa0fe38fcedfa08f77b\">\n#top .av-special-heading.av-hj9s12-c4f0e3e0cf45afa0fe38fcedfa08f77b{\npadding-bottom:10px;\n}\nbody .av-special-heading.av-hj9s12-c4f0e3e0cf45afa0fe38fcedfa08f77b .av-special-heading-tag .heading-char{\nfont-size:25px;\n}\n.av-special-heading.av-hj9s12-c4f0e3e0cf45afa0fe38fcedfa08f77b .av-subheading{\nfont-size:15px;\n}\n<\/style>\n<div  class='av-special-heading av-hj9s12-c4f0e3e0cf45afa0fe38fcedfa08f77b av-special-heading-h1 blockquote modern-quote  avia-builder-el-1  el_before_av_hr  avia-builder-el-first '><h1 class='av-special-heading-tag '  itemprop=\"headline\"  >Motobia Enduro Partner<\/h1><div class=\"special-heading-border\"><div class=\"special-heading-inner-border\"><\/div><\/div><\/div>\n\n<style type=\"text\/css\" data-created_by=\"avia_inline_auto\" id=\"style-css-av-f8lyee-d097bb41d04573455ba72d695b272744\">\n#top .hr.hr-invisible.av-f8lyee-d097bb41d04573455ba72d695b272744{\nheight:50px;\n}\n<\/style>\n<div  class='hr av-f8lyee-d097bb41d04573455ba72d695b272744 hr-invisible  avia-builder-el-2  el_after_av_heading  el_before_av_one_half '><span class='hr-inner '><span class=\"hr-inner-style\"><\/span><\/span><\/div>\n\n<style type=\"text\/css\" data-created_by=\"avia_inline_auto\" id=\"style-css-av-1h5g7a-27cc493f3b2b819e6f1186deb8076c04\">\n.flex_column.av-1h5g7a-27cc493f3b2b819e6f1186deb8076c04{\nborder-radius:0px 0px 0px 0px;\npadding:0px 0px 0px 0px;\n}\n<\/style>\n<div  class='flex_column av-1h5g7a-27cc493f3b2b819e6f1186deb8076c04 av_one_half  avia-builder-el-3  el_after_av_hr  el_before_av_one_half  first flex_column_div av-zero-column-padding  '     ><p>\n<style type=\"text\/css\" data-created_by=\"avia_inline_auto\" id=\"style-css-av-bx7wgm-aabfbcf2bfe9e465ae97ce0f1a9eba5d\">\n#top .av-special-heading.av-bx7wgm-aabfbcf2bfe9e465ae97ce0f1a9eba5d{\npadding-bottom:10px;\n}\nbody .av-special-heading.av-bx7wgm-aabfbcf2bfe9e465ae97ce0f1a9eba5d .av-special-heading-tag .heading-char{\nfont-size:25px;\n}\n.av-special-heading.av-bx7wgm-aabfbcf2bfe9e465ae97ce0f1a9eba5d .av-subheading{\nfont-size:15px;\n}\n<\/style>\n<div  class='av-special-heading av-bx7wgm-aabfbcf2bfe9e465ae97ce0f1a9eba5d av-special-heading-h3 blockquote modern-quote  avia-builder-el-4  el_before_av_textblock  avia-builder-el-first '><h3 class='av-special-heading-tag '  itemprop=\"headline\"  >Partners<\/h3><div class=\"special-heading-border\"><div class=\"special-heading-inner-border\"><\/div><\/div><\/div><br \/>\n<section  class='av_textblock_section av-bjpsgm-3877c3173bc53c6037c406b5cb04c7e7 '   itemscope=\"itemscope\" itemtype=\"https:\/\/schema.org\/CreativeWork\" ><div class='avia_textblock'  itemprop=\"text\" ><p>Shane Watts : <a href=\"https:\/\/shanewatts.com\/\" target=\"_blank\" rel=\"noopener\">https:\/\/shanewatts.com\/<\/a><\/p>\n<p>Steve Hatch: <a href=\"https:\/\/www.stevehatchracing.com\/\" target=\"_blank\" rel=\"noopener\">Steve Hatch Racing<\/a><\/p>\n<p><span style=\"font-weight: 400;\">Ruben Chadwick: <a href=\"https:\/\/www.facebook.com\/ruben.chadwick\" target=\"_blank\" rel=\"noopener\">https:\/\/www.facebook.com\/ruben.chadwick<\/a><\/span><\/p>\n<p><span style=\"font-weight: 400;\">Chris Birch: <a href=\"https:\/\/www.chrisbirch.co.nz\" target=\"_blank\" rel=\"noopener\">https:\/\/www.chrisbirch.co.nz<\/a><\/span><\/p>\n<p><span style=\"font-weight: 400;\">Peter Broxholm:<a href=\"https:\/\/www.broxy.co.nz\" target=\"_blank\" rel=\"noopener\"> https:\/\/www.broxy.co.nz<\/a><\/span><\/p>\n<p class=\"LC20lb\">Christoph del Bondio: <a href=\"http:\/\/www.delbondio.de\" target=\"_blank\" rel=\"noopener\">https:\/\/www.delbondio.de<\/a><\/p>\n<p><span style=\"font-weight: 400;\">Melissa Bruce: <a href=\"http:\/\/www.melissabruce.com.au\/\" target=\"_blank\" rel=\"noopener\">https:\/\/www.melissabruce.com.au\/<\/a><\/span><\/p>\n<p>Laia Sanz: <a href=\"http:\/\/www.laiasanz.com\/\" target=\"_blank\" rel=\"noopener\">https:\/\/www.laiasanz.com\/<\/a><\/p>\n<p>2wid: <a href=\"https:\/\/2wid.de\/technik\/fahrzeuge\/motorrad\/touren-kt3074\" target=\"_blank\" rel=\"noopener\">https:\/\/2wid.de\/technik\/fahrzeuge\/motorrad\/touren-kt3074<\/a><\/p>\n<p>Enduro Netherland:<a href=\"https:\/\/www.enduro.nl\/\" target=\"_blank\" rel=\"noopener\"> https:\/\/www.enduro.nl\/<\/a> <a href=\"https:\/\/mon.nl\/\" target=\"_blank\" rel=\"noopener\">https:\/\/mon.nl\/<\/a><\/p>\n<p><strong>Big Bike Offroad Friends<\/strong><\/p>\n<p>BMW: <a href=\"https:\/\/www.gs-forum.eu\" target=\"_blank\" rel=\"noopener\">https:\/\/www.gs-forum.eu<\/a> <a href=\"http:\/\/www.gsoffroad.com\" target=\"_blank\" rel=\"noopener\">http:\/\/www.gsoffroad.com<\/a><\/p>\n<p>KTM: <a href=\"https:\/\/www.ktmforum.eu\" target=\"_blank\" rel=\"noopener\">https:\/\/www.ktmforum.eu<\/a> <a href=\"http:\/\/www.ktmforums.com\" target=\"_blank\" rel=\"noopener\">http:\/\/www.ktmforums.com<\/a> <a href=\"https:\/\/www.ktmforum.co.uk\/forum.php\" target=\"_blank\" rel=\"noopener\">https:\/\/www.ktmforum.co.uk\/forum.php<\/a><\/p>\n<p>Honda Aftrica Twin: <a href=\"http:\/\/trueadventure.de\/\" target=\"_blank\" rel=\"noopener\">https:\/\/trueadventure.de\/<\/a> <a href=\"http:\/\/www.africatwinforum.com\/forum\/\" target=\"_blank\" rel=\"noopener\">https:\/\/www.africatwinforum.com\/forum\/<\/a> <a href=\"https:\/\/www.motor-talk.de\" target=\"_blank\" rel=\"noopener\">https:\/\/www.motor-talk.de<\/a><\/p>\n<p class=\"vd-title\">TRIUMPH TIGER: <a href=\"http:\/\/www.tigerhome.de\" target=\"_blank\" rel=\"noopener\"> https:\/\/www.tigerhome.de<\/a> <a href=\"https:\/\/www.tiger800.co.uk\" target=\"_blank\" rel=\"noopener\">https:\/\/www.tiger800.co.uk<\/a><\/p>\n<p class=\"vd-title\">DUCATI MULTISTRADA: <a href=\"https:\/\/www.multistrada.eu\" target=\"_blank\" rel=\"noopener\">https:\/\/www.multistrada.eu<\/a> <a href=\"http:\/\/multistrada.eu\" target=\"_blank\" rel=\"noopener\">https:\/\/www.ducati.org<\/a><\/p>\n<p class=\"r\">YAMAHA T\u00e9n\u00e9r\u00e9: <a href=\"https:\/\/www.tenere.ch\" target=\"_blank\" rel=\"noopener\">https:\/\/www.tenere.ch<\/a> <a href=\"https:\/\/www.tenere.de\" target=\"_blank\" rel=\"noopener\">https:\/\/www.tenere.de<\/a> <a href=\"https:\/\/www.xt1200z-forum.de\/\" target=\"_blank\" rel=\"noopener\">https:\/\/www.xt1200z-forum.de\/<\/a><\/p>\n<\/div><\/section><br \/>\n\n<style type=\"text\/css\" data-created_by=\"avia_inline_auto\" id=\"style-css-av-8ntnee-d2323765dda9d93c01bd001c9e615437\">\n#top .av-special-heading.av-8ntnee-d2323765dda9d93c01bd001c9e615437{\npadding-bottom:10px;\n}\nbody .av-special-heading.av-8ntnee-d2323765dda9d93c01bd001c9e615437 .av-special-heading-tag .heading-char{\nfont-size:25px;\n}\n.av-special-heading.av-8ntnee-d2323765dda9d93c01bd001c9e615437 .av-subheading{\nfont-size:15px;\n}\n<\/style>\n<div  class='av-special-heading av-8ntnee-d2323765dda9d93c01bd001c9e615437 av-special-heading-h3  avia-builder-el-6  el_after_av_textblock  el_before_av_textblock '><h3 class='av-special-heading-tag '  itemprop=\"headline\"  >Medien<\/h3><div class=\"special-heading-border\"><div class=\"special-heading-inner-border\"><\/div><\/div><\/div><br \/>\n<section  class='av_textblock_section av-7wpcsm-dbc114924dc88b5a70e2fed976a08996 '   itemscope=\"itemscope\" itemtype=\"https:\/\/schema.org\/CreativeWork\" ><div class='avia_textblock'  itemprop=\"text\" ><p>Enduro.life<\/p>\n<p><a href=\"https:\/\/www.facebook.com\/enduroliveofficial\"><strong>https:\/\/www.facebook.com\/enduroliveofficial<\/strong><\/a><\/p>\n<\/div><\/section><\/p><\/div>\n<style type=\"text\/css\" data-created_by=\"avia_inline_auto\" id=\"style-css-av-6g7kdy-9544e8209eafce75ffd2f70665a4119c\">\n.flex_column.av-6g7kdy-9544e8209eafce75ffd2f70665a4119c{\nborder-radius:0px 0px 0px 0px;\npadding:0px 0px 0px 0px;\n}\n<\/style>\n<div  class='flex_column av-6g7kdy-9544e8209eafce75ffd2f70665a4119c av_one_half  avia-builder-el-8  el_after_av_one_half  avia-builder-el-last  flex_column_div av-zero-column-padding  '     ><p>\n<style type=\"text\/css\" data-created_by=\"avia_inline_auto\" id=\"style-css-av-ggi6u-d9cb5f217d37f8b67ab6427e176a6bff\">\n#top .av-special-heading.av-ggi6u-d9cb5f217d37f8b67ab6427e176a6bff{\npadding-bottom:10px;\n}\nbody .av-special-heading.av-ggi6u-d9cb5f217d37f8b67ab6427e176a6bff .av-special-heading-tag .heading-char{\nfont-size:25px;\n}\n.av-special-heading.av-ggi6u-d9cb5f217d37f8b67ab6427e176a6bff .av-subheading{\nfont-size:15px;\n}\n<\/style>\n<div  class='av-special-heading av-ggi6u-d9cb5f217d37f8b67ab6427e176a6bff av-special-heading-h3 blockquote modern-quote  avia-builder-el-9  el_before_av_textblock  avia-builder-el-first '><h3 class='av-special-heading-tag '  itemprop=\"headline\"  >Enduro- Shops<\/h3><div class=\"special-heading-border\"><div class=\"special-heading-inner-border\"><\/div><\/div><\/div><br \/>\n<section  class='av_textblock_section av-334ut2-6ea3e983584622cce3baff2b2e86903a '   itemscope=\"itemscope\" itemtype=\"https:\/\/schema.org\/CreativeWork\" ><div class='avia_textblock'  itemprop=\"text\" ><p><strong>Worldwide<\/strong><\/p>\n<p><a href=\"https:\/\/www.wunderlich.de\" target=\"_blank\" rel=\"noopener\">https:\/\/www.wunderlich.de<\/a><\/p>\n<p><a href=\"http:\/\/www.touratech.com\" target=\"_blank\" rel=\"noopener\">https:\/\/www.touratech.com<\/a><\/p>\n<p><strong>Deutschland<\/strong><\/p>\n<p><a href=\"http:\/\/www.fc-moto.de\/\" target=\"_blank\" rel=\"noopener\">https:\/\/www.fc-moto.de\/<\/a><\/p>\n<p><a href=\"https:\/\/www.enduro4you.de\/\" target=\"_blank\" rel=\"noopener\">https:\/\/www.enduro4you.de\/<\/a><\/p>\n<p><a href=\"https:\/\/www.freestylextreme.com\/\" target=\"_blank\" rel=\"noopener\">https:\/\/www.freestylextreme.com\/<\/a><\/p>\n<p><strong>Schweiz<\/strong><\/p>\n<p><a href=\"https:\/\/www.banditbike.ch\/\" target=\"_blank\" rel=\"noopener\">https:\/\/www.banditbike.ch\/<\/a><\/p>\n<p><a href=\"https:\/\/www.mxonlineshop.ch\/\" target=\"_blank\" rel=\"noopener\">https:\/\/www.mxonlineshop.ch\/<\/a><\/p>\n<p><a href=\"https:\/\/www.backyard-racing.ch\/\" target=\"_blank\" rel=\"noopener\">https:\/\/www.backyard-racing.ch\/<\/a><\/p>\n<p><a href=\"https:\/\/3w-motoshop.ch\/\" target=\"_blank\" rel=\"noopener\">https:\/\/3w-motoshop.ch\/<\/a><\/p>\n<p><strong>Italy<\/strong><\/p>\n<p><a href=\"https:\/\/www.enduroitalia.com\/\" target=\"_blank\" rel=\"noopener\">https:\/\/www.enduroitalia.com\/<\/a><\/p>\n<p><a href=\"https:\/\/www.motardshop.it\/\" target=\"_blank\" rel=\"noopener\">https:\/\/www.motardshop.it\/<\/a><\/p>\n<p><a href=\"https:\/\/www.axosport.it\/\" target=\"_blank\" rel=\"noopener\">https:\/\/www.axosport.it\/<\/a><\/p>\n<p><strong>Netherlands<\/strong><\/p>\n<p><a href=\"https:\/\/jm-racing.eu\/\" target=\"_blank\" rel=\"noopener\">https:\/\/jm-racing.eu\/<\/a><\/p>\n<p><a href=\"https:\/\/www.motocrossplanet.nl\" target=\"_blank\" rel=\"noopener\">https:\/\/www.motocrossplanet.nl<br \/>\n <\/a><\/p>\n<p><a href=\"https:\/\/www.pro-x.com\" target=\"_blank\" rel=\"noopener\">https:\/\/www.pro-x.com<\/a><\/p>\n<p><a href=\"https:\/\/shop.tmv.nl\" target=\"_blank\" rel=\"noopener\">https:\/\/shop.tmv.nl<\/a><\/p>\n<\/div><\/section><\/p><\/div>\n<\/div><\/div><\/main><!-- close content main element --><\/div><\/div><div id='after_section_1'  class='main_color av_default_container_wrap container_wrap sidebar_right'  ><div class='container av-section-cont-open' ><div class='template-page content  av-content-small alpha units'><div class='post-entry post-entry-type-page post-entry-4431'><div class='entry-content-wrapper clearfix'>\n","protected":false},"excerpt":{"rendered":"","protected":false},"author":8,"featured_media":0,"parent":0,"menu_order":0,"comment_status":"closed","ping_status":"closed","template":"","meta":{"footnotes":""},"class_list":["post-4431","page","type-page","status-publish","hentry"],"yoast_head":"<!-- This site is optimized with the Yoast SEO Premium plugin v25.8 (Yoast SEO v27.4) - https:\/\/yoast.com\/product\/yoast-seo-premium-wordpress\/ -->\n<title>Partners - Motobia Enduro Touren und Training<\/title>\n<meta name=\"robots\" content=\"index, follow, max-snippet:-1, max-image-preview:large, max-video-preview:-1\" \/>\n<link rel=\"canonical\" href=\"https:\/\/motobia.it\/en\/partners\/\" \/>\n<meta property=\"og:locale\" content=\"en_US\" \/>\n<meta property=\"og:type\" content=\"article\" \/>\n<meta property=\"og:title\" content=\"Partners\" \/>\n<meta property=\"og:url\" content=\"https:\/\/motobia.it\/en\/partners\/\" \/>\n<meta property=\"og:site_name\" content=\"Motobia Enduro Touren und Training\" \/>\n<meta property=\"article:publisher\" content=\"https:\/\/www.facebook.com\/motobiaEnduro\" \/>\n<meta property=\"article:modified_time\" content=\"2026-01-16T10:16:04+00:00\" \/>\n<meta name=\"twitter:card\" content=\"summary_large_image\" \/>\n<meta name=\"twitter:label1\" content=\"Est. reading time\" \/>\n\t<meta name=\"twitter:data1\" content=\"7 minutes\" \/>\n<script type=\"application\/ld+json\" class=\"yoast-schema-graph\">{\"@context\":\"https:\\\/\\\/schema.org\",\"@graph\":[{\"@type\":\"WebPage\",\"@id\":\"https:\\\/\\\/motobia.it\\\/en\\\/partners\\\/\",\"url\":\"https:\\\/\\\/motobia.it\\\/en\\\/partners\\\/\",\"name\":\"Partners - Motobia Enduro Touren und Training\",\"isPartOf\":{\"@id\":\"https:\\\/\\\/motobia.it\\\/en\\\/#website\"},\"datePublished\":\"2025-08-23T04:08:22+00:00\",\"dateModified\":\"2026-01-16T10:16:04+00:00\",\"breadcrumb\":{\"@id\":\"https:\\\/\\\/motobia.it\\\/en\\\/partners\\\/#breadcrumb\"},\"inLanguage\":\"en-US\",\"potentialAction\":[{\"@type\":\"ReadAction\",\"target\":[\"https:\\\/\\\/motobia.it\\\/en\\\/partners\\\/\"]}]},{\"@type\":\"BreadcrumbList\",\"@id\":\"https:\\\/\\\/motobia.it\\\/en\\\/partners\\\/#breadcrumb\",\"itemListElement\":[{\"@type\":\"ListItem\",\"position\":1,\"name\":\"Startseite\",\"item\":\"https:\\\/\\\/motobia.it\\\/en\\\/motobia-main-page\\\/\"},{\"@type\":\"ListItem\",\"position\":2,\"name\":\"Partners\"}]},{\"@type\":\"WebSite\",\"@id\":\"https:\\\/\\\/motobia.it\\\/en\\\/#website\",\"url\":\"https:\\\/\\\/motobia.it\\\/en\\\/\",\"name\":\"Motobia Enduro Touren und Training\",\"description\":\"Premium Enduro Kurse von Einsteiger bis Profi\",\"publisher\":{\"@id\":\"https:\\\/\\\/motobia.it\\\/en\\\/#organization\"},\"potentialAction\":[{\"@type\":\"SearchAction\",\"target\":{\"@type\":\"EntryPoint\",\"urlTemplate\":\"https:\\\/\\\/motobia.it\\\/en\\\/?s={search_term_string}\"},\"query-input\":{\"@type\":\"PropertyValueSpecification\",\"valueRequired\":true,\"valueName\":\"search_term_string\"}}],\"inLanguage\":\"en-US\"},{\"@type\":\"Organization\",\"@id\":\"https:\\\/\\\/motobia.it\\\/en\\\/#organization\",\"name\":\"Motobia Enduro Touren und Training\",\"url\":\"https:\\\/\\\/motobia.it\\\/en\\\/\",\"logo\":{\"@type\":\"ImageObject\",\"inLanguage\":\"en-US\",\"@id\":\"https:\\\/\\\/motobia.it\\\/en\\\/#\\\/schema\\\/logo\\\/image\\\/\",\"url\":\"https:\\\/\\\/motobia.it\\\/wp-content\\\/uploads\\\/2016\\\/12\\\/motobiaFavicon.png\",\"contentUrl\":\"https:\\\/\\\/motobia.it\\\/wp-content\\\/uploads\\\/2016\\\/12\\\/motobiaFavicon.png\",\"width\":645,\"height\":411,\"caption\":\"Motobia Enduro Touren und Training\"},\"image\":{\"@id\":\"https:\\\/\\\/motobia.it\\\/en\\\/#\\\/schema\\\/logo\\\/image\\\/\"},\"sameAs\":[\"https:\\\/\\\/www.facebook.com\\\/motobiaEnduro\"]}]}<\/script>\n<!-- \/ Yoast SEO Premium plugin. -->","yoast_head_json":{"title":"Partners - Motobia Enduro Touren und Training","robots":{"index":"index","follow":"follow","max-snippet":"max-snippet:-1","max-image-preview":"max-image-preview:large","max-video-preview":"max-video-preview:-1"},"canonical":"https:\/\/motobia.it\/en\/partners\/","og_locale":"en_US","og_type":"article","og_title":"Partners","og_url":"https:\/\/motobia.it\/en\/partners\/","og_site_name":"Motobia Enduro Touren und Training","article_publisher":"https:\/\/www.facebook.com\/motobiaEnduro","article_modified_time":"2026-01-16T10:16:04+00:00","twitter_card":"summary_large_image","twitter_misc":{"Est. reading time":"7 minutes"},"schema":{"@context":"https:\/\/schema.org","@graph":[{"@type":"WebPage","@id":"https:\/\/motobia.it\/en\/partners\/","url":"https:\/\/motobia.it\/en\/partners\/","name":"Partners - Motobia Enduro Touren und Training","isPartOf":{"@id":"https:\/\/motobia.it\/en\/#website"},"datePublished":"2025-08-23T04:08:22+00:00","dateModified":"2026-01-16T10:16:04+00:00","breadcrumb":{"@id":"https:\/\/motobia.it\/en\/partners\/#breadcrumb"},"inLanguage":"en-US","potentialAction":[{"@type":"ReadAction","target":["https:\/\/motobia.it\/en\/partners\/"]}]},{"@type":"BreadcrumbList","@id":"https:\/\/motobia.it\/en\/partners\/#breadcrumb","itemListElement":[{"@type":"ListItem","position":1,"name":"Startseite","item":"https:\/\/motobia.it\/en\/motobia-main-page\/"},{"@type":"ListItem","position":2,"name":"Partners"}]},{"@type":"WebSite","@id":"https:\/\/motobia.it\/en\/#website","url":"https:\/\/motobia.it\/en\/","name":"Motobia Enduro Touren und Training","description":"Premium Enduro Kurse von Einsteiger bis Profi","publisher":{"@id":"https:\/\/motobia.it\/en\/#organization"},"potentialAction":[{"@type":"SearchAction","target":{"@type":"EntryPoint","urlTemplate":"https:\/\/motobia.it\/en\/?s={search_term_string}"},"query-input":{"@type":"PropertyValueSpecification","valueRequired":true,"valueName":"search_term_string"}}],"inLanguage":"en-US"},{"@type":"Organization","@id":"https:\/\/motobia.it\/en\/#organization","name":"Motobia Enduro Touren und Training","url":"https:\/\/motobia.it\/en\/","logo":{"@type":"ImageObject","inLanguage":"en-US","@id":"https:\/\/motobia.it\/en\/#\/schema\/logo\/image\/","url":"https:\/\/motobia.it\/wp-content\/uploads\/2016\/12\/motobiaFavicon.png","contentUrl":"https:\/\/motobia.it\/wp-content\/uploads\/2016\/12\/motobiaFavicon.png","width":645,"height":411,"caption":"Motobia Enduro Touren und Training"},"image":{"@id":"https:\/\/motobia.it\/en\/#\/schema\/logo\/image\/"},"sameAs":["https:\/\/www.facebook.com\/motobiaEnduro"]}]}},"_links":{"self":[{"href":"https:\/\/motobia.it\/en\/wp-json\/wp\/v2\/pages\/4431","targetHints":{"allow":["GET"]}}],"collection":[{"href":"https:\/\/motobia.it\/en\/wp-json\/wp\/v2\/pages"}],"about":[{"href":"https:\/\/motobia.it\/en\/wp-json\/wp\/v2\/types\/page"}],"author":[{"embeddable":true,"href":"https:\/\/motobia.it\/en\/wp-json\/wp\/v2\/users\/8"}],"replies":[{"embeddable":true,"href":"https:\/\/motobia.it\/en\/wp-json\/wp\/v2\/comments?post=4431"}],"version-history":[{"count":3,"href":"https:\/\/motobia.it\/en\/wp-json\/wp\/v2\/pages\/4431\/revisions"}],"predecessor-version":[{"id":4741,"href":"https:\/\/motobia.it\/en\/wp-json\/wp\/v2\/pages\/4431\/revisions\/4741"}],"wp:attachment":[{"href":"https:\/\/motobia.it\/en\/wp-json\/wp\/v2\/media?parent=4431"}],"curies":[{"name":"wp","href":"https:\/\/api.w.org\/{rel}","templated":true}]}}